{"id":1918,"date":"2026-04-01T12:02:38","date_gmt":"2026-04-01T15:02:38","guid":{"rendered":"https:\/\/cuadernosmagicos.com.ar\/?post_type=product&#038;p=1918"},"modified":"2026-04-01T13:08:17","modified_gmt":"2026-04-01T16:08:17","slug":"bitacora-del-kraken","status":"publish","type":"product","link":"https:\/\/cuadernosmagicos.com.ar\/en\/product\/bitacora-del-kraken\/","title":{"rendered":"Kraken Log"},"content":{"rendered":"<blockquote><p>&nbsp;<\/p><\/blockquote>","protected":false},"excerpt":{"rendered":"<p><strong>Caracter\u00edsticas<\/strong>:<\/p>\n<ul>\n<li>Size: A5 (21cm x 15 cm approximately)<\/li>\n<li>Cantidad de hojas: 200<\/li>\n<li>Tipo de hojas: lisas<\/li>\n<li>Papel: Bookcel (80g)<\/li>\n<li>Cover Material: Cuerina<\/li>\n<li>Color principal: Marr\u00f3n chocolate<\/li>\n<li>Tape se\u00f1aladoras: 3<\/li>\n<li>Book Corners: Yes<\/li>\n<li>Cierres: No<\/li>\n<\/ul>\n<p>*The colors seen in the image may vary depending on the color settings of your screen*<\/p>\n<p>&#8212;&#8212;&#8212;&#8212;&#8212;&#8212;&#8212;&#8212;&#8212;&#8212;&#8212;&#8212;&#8212;&#8212;&#8212;&#8212;&#8212;&#8212;&#8212;&#8212;&#8212;&#8212;&#8212;<\/p>\n<p><strong>caracter\u00edsticas<\/strong>:<\/p>\n<ul>\n<li>Tamanho: A5 (aproximadamente 21 cm x 15 cm)<\/li>\n<li>Tamanho da folha: 200<\/li>\n<li>Tipo de papel: Bookcel, 80 gramas<\/li>\n<li>Tipo de folhas: lisas<\/li>\n<li>Material da capa: Pele sint\u00e9tica<\/li>\n<li>Cor predominante: Chocolate Marrom<\/li>\n<li>Fitas para marcadores: 3<\/li>\n<li>cantos do livro: Si<\/li>\n<li>Fechos de press\u00e3o: No<\/li>\n<\/ul>\n<p>*Os tamanhos e as cores podem variar ligeiramente em rela\u00e7\u00e3o \u00e0 imagem*<\/p>","protected":false},"featured_media":1919,"template":"","meta":[],"product_brand":[],"product_cat":[37,36],"product_tag":[],"class_list":{"0":"post-1918","1":"product","2":"type-product","3":"status-publish","4":"has-post-thumbnail","6":"product_cat-tamano-a5","7":"product_cat-unicos","9":"first","10":"instock","11":"shipping-taxable","12":"purchasable","13":"product-type-simple"},"_links":{"self":[{"href":"https:\/\/cuadernosmagicos.com.ar\/en\/wp-json\/wp\/v2\/product\/1918","targetHints":{"allow":["GET"]}}],"collection":[{"href":"https:\/\/cuadernosmagicos.com.ar\/en\/wp-json\/wp\/v2\/product"}],"about":[{"href":"https:\/\/cuadernosmagicos.com.ar\/en\/wp-json\/wp\/v2\/types\/product"}],"wp:featuredmedia":[{"embeddable":true,"href":"https:\/\/cuadernosmagicos.com.ar\/en\/wp-json\/wp\/v2\/media\/1919"}],"wp:attachment":[{"href":"https:\/\/cuadernosmagicos.com.ar\/en\/wp-json\/wp\/v2\/media?parent=1918"}],"wp:term":[{"taxonomy":"product_brand","embeddable":true,"href":"https:\/\/cuadernosmagicos.com.ar\/en\/wp-json\/wp\/v2\/product_brand?post=1918"},{"taxonomy":"product_cat","embeddable":true,"href":"https:\/\/cuadernosmagicos.com.ar\/en\/wp-json\/wp\/v2\/product_cat?post=1918"},{"taxonomy":"product_tag","embeddable":true,"href":"https:\/\/cuadernosmagicos.com.ar\/en\/wp-json\/wp\/v2\/product_tag?post=1918"}],"curies":[{"name":"wp","href":"https:\/\/api.w.org\/{rel}","templated":true}]}}