{"id":1792,"date":"2026-02-01T00:54:37","date_gmt":"2026-02-01T03:54:37","guid":{"rendered":"https:\/\/cuadernosmagicos.com.ar\/?post_type=product&#038;p=1792"},"modified":"2026-03-31T16:56:13","modified_gmt":"2026-03-31T19:56:13","slug":"duo-union","status":"publish","type":"product","link":"https:\/\/cuadernosmagicos.com.ar\/en\/product\/duo-union\/","title":{"rendered":"Journey Duo"},"content":{"rendered":"","protected":false},"excerpt":{"rendered":"<p><strong>A6 Notebook Set<\/strong><\/p>\n<p>Designed for sharing:<br \/>\none to give away and one to keep,<br \/>\nlike a small back-and-forth ritual<br \/>\nbetween kindred spirits.<\/p>\n<p><strong>This set is intended as a unit:<\/strong><br \/>\n<strong>The notebooks are sold together and the price corresponds to both.<\/strong><\/p>\n<p><strong>Features of both notebooks:<\/strong><\/p>\n<ul>\n<li><strong>Size:<\/strong>(5.9\u00a8X 3.9\u00a8 APPROXIMATELY)<\/li>\n<li><strong>Number of Sheets<\/strong>: 120<\/li>\n<li><strong>Type of paper:<\/strong> Bookcel(2.82oz)<\/li>\n<li><strong>Covering Material:<\/strong> leatherette<\/li>\n<li><strong>Main Color:<\/strong>Brown<\/li>\n<li><strong>Bookmarking tapes<\/strong>: 1<\/li>\n<\/ul>\n<p><em>*The colors seen in the image may vary depending on the color settings of your screen*<br \/>\n&#8212;&#8212;&#8212;&#8212;&#8212;&#8212;&#8212;&#8212;&#8212;&#8212;&#8212;&#8212;&#8212;&#8212;&#8212;&#8212;&#8212;&#8212;&#8212;&#8212;&#8212;&#8212;&#8212;&#8212;&#8212;&#8212;&#8212;&#8212;&#8212;&#8212;&#8212;<\/em><\/p>\n<p><strong>Conjunto de Cadernos A6<\/strong><\/p>\n<p>Concebido para partilhar:<br \/>\num para oferecer como presente e outro para guardar,<br \/>\ncomo um pequeno ritual rec\u00edproco<br \/>\nentre almas g\u00e9meas.<\/p>\n<p><strong>Este conjunto \u00e9 vendido em conjunto:<\/strong><br \/>\n<strong>os cadernos s\u00e3o vendidos juntos e o pre\u00e7o \u00e9 para ambos.<\/strong><\/p>\n<p><strong>Caracter\u00edsticas dos dois cadernos:<\/strong><\/p>\n<p>Tamanho: A6 (aproximadamente 15x10cm)<br \/>\nN\u00famero de p\u00e1ginas: 120<br \/>\nPapel: Bookcel (80gsm)<br \/>\nMaterial da capa: Pele sint\u00e9tica<br \/>\nCor principal: Castanho<br \/>\nMarcador de p\u00e1ginas em fita: 1<\/p>\n<p>*Os tamanhos e tonalidades podem variar ligeiramente da imagem*<\/p>","protected":false},"featured_media":1793,"template":"","meta":[],"product_brand":[],"product_cat":[31,36],"product_tag":[],"class_list":{"0":"post-1792","1":"product","2":"type-product","3":"status-publish","4":"has-post-thumbnail","6":"product_cat-tamano-a6","7":"product_cat-unicos","9":"first","10":"outofstock","11":"shipping-taxable","12":"purchasable","13":"product-type-simple"},"_links":{"self":[{"href":"https:\/\/cuadernosmagicos.com.ar\/en\/wp-json\/wp\/v2\/product\/1792","targetHints":{"allow":["GET"]}}],"collection":[{"href":"https:\/\/cuadernosmagicos.com.ar\/en\/wp-json\/wp\/v2\/product"}],"about":[{"href":"https:\/\/cuadernosmagicos.com.ar\/en\/wp-json\/wp\/v2\/types\/product"}],"wp:featuredmedia":[{"embeddable":true,"href":"https:\/\/cuadernosmagicos.com.ar\/en\/wp-json\/wp\/v2\/media\/1793"}],"wp:attachment":[{"href":"https:\/\/cuadernosmagicos.com.ar\/en\/wp-json\/wp\/v2\/media?parent=1792"}],"wp:term":[{"taxonomy":"product_brand","embeddable":true,"href":"https:\/\/cuadernosmagicos.com.ar\/en\/wp-json\/wp\/v2\/product_brand?post=1792"},{"taxonomy":"product_cat","embeddable":true,"href":"https:\/\/cuadernosmagicos.com.ar\/en\/wp-json\/wp\/v2\/product_cat?post=1792"},{"taxonomy":"product_tag","embeddable":true,"href":"https:\/\/cuadernosmagicos.com.ar\/en\/wp-json\/wp\/v2\/product_tag?post=1792"}],"curies":[{"name":"wp","href":"https:\/\/api.w.org\/{rel}","templated":true}]}}