{"id":1611,"date":"2025-12-04T13:44:51","date_gmt":"2025-12-04T16:44:51","guid":{"rendered":"https:\/\/cuadernosmagicos.com.ar\/?post_type=product&#038;p=1611"},"modified":"2026-04-08T14:58:09","modified_gmt":"2026-04-08T17:58:09","slug":"brote","status":"publish","type":"product","link":"https:\/\/cuadernosmagicos.com.ar\/en\/product\/brote\/","title":{"rendered":"Sprout"},"content":{"rendered":"","protected":false},"excerpt":{"rendered":"<p class=\"tm6\"><strong>*Este producto estar\u00e1 listo para despachar en un m\u00e1ximo de 4 d\u00edas h\u00e1biles despu\u00e9s de realizada la compra*<\/strong><\/p>\n<p class=\"tm6\"><strong><span class=\"tm7\">Features:<\/span><\/strong><\/p>\n<ul class=\"tm9\">\n<li class=\"tm10\"><strong><span class=\"tm7\">Size:<\/span><\/strong>A5 (6\" x 8,5\")<\/li>\n<li class=\"tm11\"><strong><span class=\"tm7\">Number of Sheets<\/span><\/strong>: 120<\/li>\n<li class=\"tm11\"><strong><span class=\"tm7\">Type of paper:<\/span><\/strong> Bookcel(2.82oz)<\/li>\n<li class=\"tm11\"><strong><span class=\"tm7\">Simple Spine<\/span><\/strong><\/li>\n<li class=\"tm11\"><strong><span class=\"tm7\">Covering Material:<\/span><\/strong> leatherette<\/li>\n<li class=\"tm11\"><strong><span class=\"tm7\">Main Color:<\/span><\/strong>: Ma\u00edz<\/li>\n<li class=\"tm11\"><strong><span class=\"tm7\">Bookmarking tapes<\/span><\/strong>: 1<\/li>\n<li class=\"tm11\"><strong><span class=\"tm7\">Book Corners:<\/span><\/strong> METALIC<\/li>\n<li class=\"tm11\"><strong><span class=\"tm7\">Closures<\/span><\/strong>: 1<\/li>\n<\/ul>\n<p><em><span class=\"tm12\">*The colors seen in the image may vary depending on the color settings of your screen*<\/span><\/em><\/p>\n<hr \/>\n<p><strong><span class=\"tm7\">*Este produto estar\u00e1 pronto para envio em no m\u00e1ximo 4 dias \u00fateis ap\u00f3s a compra.<\/span><\/strong><\/p>\n<p><strong><span class=\"tm7\">Features:<\/span><\/strong><\/p>\n<ul class=\"tm9\">\n<li class=\"tm10\"><strong><span class=\"tm7\">Tamanho:<\/span><\/strong> A5 (aproximadamente 21 cm x 15 cm)<\/li>\n<li class=\"tm11\"><strong><span class=\"tm7\">Tamanho da folha:<\/span><\/strong> 120<\/li>\n<li class=\"tm11\"><strong><span class=\"tm7\">Tipo de papel:<\/span><\/strong> Boocel, 80 gramas<\/li>\n<li class=\"tm11\"><strong><span class=\"tm7\">Lombada simples<\/span><\/strong><\/li>\n<li class=\"tm11\"><strong><span class=\"tm7\">Material da capa:<\/span><\/strong> Pele sint\u00e9tica<\/li>\n<li class=\"tm11\"><strong><span class=\"tm7\">Cor predominante:<\/span><\/strong> Milho amarelo<\/li>\n<li class=\"tm11\"><strong><span class=\"tm7\">Fitas para marcadores:<\/span><\/strong> 1<\/li>\n<li class=\"tm11\"><strong><span class=\"tm7\">cantos do livro:<\/span><\/strong> Metal<\/li>\n<li class=\"tm11\"><strong><span class=\"tm7\">Fechos de press\u00e3o:<\/span><\/strong> 1<\/li>\n<\/ul>\n<p><em><span class=\"tm12\">*Os tamanhos e as cores podem variar ligeiramente em rela\u00e7\u00e3o \u00e0 imagem*<\/span><\/em><\/p>","protected":false},"featured_media":1666,"template":"","meta":[],"product_brand":[],"product_cat":[36],"product_tag":[],"class_list":{"0":"post-1611","1":"product","2":"type-product","3":"status-publish","4":"has-post-thumbnail","6":"product_cat-unicos","8":"first","9":"instock","10":"featured","11":"shipping-taxable","12":"purchasable","13":"product-type-variable"},"_links":{"self":[{"href":"https:\/\/cuadernosmagicos.com.ar\/en\/wp-json\/wp\/v2\/product\/1611","targetHints":{"allow":["GET"]}}],"collection":[{"href":"https:\/\/cuadernosmagicos.com.ar\/en\/wp-json\/wp\/v2\/product"}],"about":[{"href":"https:\/\/cuadernosmagicos.com.ar\/en\/wp-json\/wp\/v2\/types\/product"}],"wp:featuredmedia":[{"embeddable":true,"href":"https:\/\/cuadernosmagicos.com.ar\/en\/wp-json\/wp\/v2\/media\/1666"}],"wp:attachment":[{"href":"https:\/\/cuadernosmagicos.com.ar\/en\/wp-json\/wp\/v2\/media?parent=1611"}],"wp:term":[{"taxonomy":"product_brand","embeddable":true,"href":"https:\/\/cuadernosmagicos.com.ar\/en\/wp-json\/wp\/v2\/product_brand?post=1611"},{"taxonomy":"product_cat","embeddable":true,"href":"https:\/\/cuadernosmagicos.com.ar\/en\/wp-json\/wp\/v2\/product_cat?post=1611"},{"taxonomy":"product_tag","embeddable":true,"href":"https:\/\/cuadernosmagicos.com.ar\/en\/wp-json\/wp\/v2\/product_tag?post=1611"}],"curies":[{"name":"wp","href":"https:\/\/api.w.org\/{rel}","templated":true}]}}