{"id":1500,"date":"2025-09-13T12:07:07","date_gmt":"2025-09-13T15:07:07","guid":{"rendered":"https:\/\/cuadernosmagicos.com.ar\/?post_type=product&#038;p=1500"},"modified":"2026-04-08T15:03:07","modified_gmt":"2026-04-08T18:03:07","slug":"arbol-misterioso","status":"publish","type":"product","link":"https:\/\/cuadernosmagicos.com.ar\/en\/product\/arbol-misterioso\/","title":{"rendered":"Deep roots"},"content":{"rendered":"","protected":false},"excerpt":{"rendered":"<p><strong>*Este cuaderno est\u00e1 listo para despachar 7 d\u00edas h\u00e1biles luego de realizada la compra*<\/strong><\/p>\n<p><strong>Features:<\/strong><\/p>\n<ul>\n<li><strong>Size:<\/strong>A5 (6\" x 8,5\")<\/li>\n<li><strong>Number of Sheets<\/strong>: 200<\/li>\n<li><strong>Type of paper:<\/strong> Bookcel(2.82oz)<\/li>\n<li><strong>Covering Material:<\/strong> leatherette<\/li>\n<li><strong>Main Color:<\/strong>Chocolate Brown<\/li>\n<li><strong>Bookmarking tapes<\/strong>: 3<\/li>\n<li><strong>Book Corners: No<\/strong><\/li>\n<li><strong>Closures<\/strong>: 2<\/li>\n<\/ul>\n<p><em>*The colors seen in the image may vary depending on the color settings of your screen*<\/em><\/p>\n<hr \/>\n<p><strong><span class=\"tm7\">*Este produto estar\u00e1 pronto para envio em no m\u00e1ximo 7 dias \u00fateis ap\u00f3s a compra.<\/span><\/strong><\/p>\n<p><strong>caracter\u00edsticas:<\/strong><\/p>\n<ul>\n<li><strong>Tamanho:<\/strong> A5 (aproximadamente 21 cm x 15 cm)<\/li>\n<li><strong>Tamanho da folha:<\/strong> 200<\/li>\n<li><strong>Tipo de papel:<\/strong> Bookcel, 80 gramas<\/li>\n<li><strong>Material da capa:<\/strong> Pele sint\u00e9tica<\/li>\n<li><strong>Cor predominante:<\/strong> Chocolate Marrom<\/li>\n<li><strong>Fitas para marcadores:<\/strong> 3<\/li>\n<li><strong>cantos do livro:<\/strong> NO<\/li>\n<li><strong>Fechos de press\u00e3o:<\/strong> 2<\/li>\n<\/ul>\n<p><em>*Os tamanhos e as cores podem variar ligeiramente em rela\u00e7\u00e3o \u00e0 imagem*<\/em><\/p>","protected":false},"featured_media":1508,"template":"","meta":[],"product_brand":[],"product_cat":[37],"product_tag":[],"class_list":{"0":"post-1500","1":"product","2":"type-product","3":"status-publish","4":"has-post-thumbnail","6":"product_cat-tamano-a5","8":"first","9":"instock","10":"featured","11":"shipping-taxable","12":"purchasable","13":"product-type-variable"},"_links":{"self":[{"href":"https:\/\/cuadernosmagicos.com.ar\/en\/wp-json\/wp\/v2\/product\/1500","targetHints":{"allow":["GET"]}}],"collection":[{"href":"https:\/\/cuadernosmagicos.com.ar\/en\/wp-json\/wp\/v2\/product"}],"about":[{"href":"https:\/\/cuadernosmagicos.com.ar\/en\/wp-json\/wp\/v2\/types\/product"}],"wp:featuredmedia":[{"embeddable":true,"href":"https:\/\/cuadernosmagicos.com.ar\/en\/wp-json\/wp\/v2\/media\/1508"}],"wp:attachment":[{"href":"https:\/\/cuadernosmagicos.com.ar\/en\/wp-json\/wp\/v2\/media?parent=1500"}],"wp:term":[{"taxonomy":"product_brand","embeddable":true,"href":"https:\/\/cuadernosmagicos.com.ar\/en\/wp-json\/wp\/v2\/product_brand?post=1500"},{"taxonomy":"product_cat","embeddable":true,"href":"https:\/\/cuadernosmagicos.com.ar\/en\/wp-json\/wp\/v2\/product_cat?post=1500"},{"taxonomy":"product_tag","embeddable":true,"href":"https:\/\/cuadernosmagicos.com.ar\/en\/wp-json\/wp\/v2\/product_tag?post=1500"}],"curies":[{"name":"wp","href":"https:\/\/api.w.org\/{rel}","templated":true}]}}