{"id":1344,"date":"2025-07-18T12:39:18","date_gmt":"2025-07-18T15:39:18","guid":{"rendered":"https:\/\/cuadernosmagicos.com.ar\/?post_type=product&#038;p=1344"},"modified":"2026-03-31T17:27:58","modified_gmt":"2026-03-31T20:27:58","slug":"memoria-de-tinta","status":"publish","type":"product","link":"https:\/\/cuadernosmagicos.com.ar\/en\/product\/memoria-de-tinta\/","title":{"rendered":"A6 INK MEMORY (CUSTOMIZABLE)"},"content":{"rendered":"","protected":false},"excerpt":{"rendered":"<p class=\"tm6\"><strong><span class=\"tm7\">IMPORTANTE: *ESTE CUADERNO ESTAR\u00c1 LISTO PARA DESPACHAR 3 D\u00cdAS H\u00c1BILES LUEGO DE REALIZADA LA COMPRA*<\/span><\/strong><\/p>\n<p class=\"tm6\">CUSTOMIZABLE NOTEBOOK: CUSTOMIZE THE WORD IN YOUR NOTEBOOK. (up to 60 characters including spaces)<\/p>\n<p class=\"tm6\">Once your purchase is complete, we will contact you to confirm your chosen font.<\/p>\n<p class=\"tm6\"><strong><span class=\"tm8\">Features:<\/span><\/strong><\/p>\n<ul class=\"tm10\">\n<li class=\"tm11\"><strong><span class=\"tm8\">Size:<\/span><\/strong>A6 (5.9\u00a8X 3.9\u00a8 APPROXIMATELY)<\/li>\n<li class=\"tm12\"><strong><span class=\"tm8\">Number of Sheets<\/span><\/strong>: 160<\/li>\n<li class=\"tm12\"><strong><span class=\"tm8\">Covering Material:<\/span><\/strong> leatherette<\/li>\n<li class=\"tm12\"><strong><span class=\"tm8\">Bookmarking tapes<\/span><\/strong>: 1<\/li>\n<li class=\"tm12\"><strong><span class=\"tm8\">Closures<\/span><\/strong>: No<\/li>\n<\/ul>\n<p class=\"tm6\"><em><span class=\"tm7\">*The colors seen in the image may vary depending on the color settings of your screen*<\/span><\/em><\/p>\n<hr \/>\n<p class=\"tm6\"><strong><span class=\"tm7\">*Este produto estar\u00e1 pronto para envio em no m\u00e1ximo 3 dias \u00fateis ap\u00f3s a compra.<\/span><\/strong><br \/>\nCaderno Personaliz\u00e1vel: Personalize o texto do seu caderno! (at\u00e9 60 caracteres, incluindo espa\u00e7os)<\/p>\n<p class=\"tm6\">Ap\u00f3s a conclus\u00e3o da compra, entraremos em contato para confirmar a fonte escolhida.<\/p>\n<p class=\"tm6\"><strong><span class=\"tm8\">Cracter\u00edsticas:<\/span><\/strong><\/p>\n<ul class=\"tm10\">\n<li class=\"tm11\"><strong><span class=\"tm8\">Tamanho:<\/span><\/strong> A6 (aproximadamente 15m x 10cm)<\/li>\n<li class=\"tm12\"><strong><span class=\"tm8\">Tamanho da folha:<\/span><\/strong> 160<\/li>\n<li class=\"tm12\"><strong><span class=\"tm8\">Material da capa:<\/span><\/strong> Pele sint\u00e9tica<\/li>\n<li class=\"tm12\"><strong><span class=\"tm8\">Fitas para marcadores:<\/span><\/strong> 1<\/li>\n<li class=\"tm12\"><strong><span class=\"tm8\">Fechos de press\u00e3o:<\/span><\/strong> No<\/li>\n<\/ul>\n<p><strong><span class=\"tm8\">Seu notebook estar\u00e1 dispon\u00edvel para envio 3 dias \u00fateis ap\u00f3s o recebimento do pagamento.<\/span><\/strong><\/p>\n<p class=\"Normal\"><em>*Os tamanhos e tons podem variar ligeiramente da imagem*<\/em><\/p>","protected":false},"featured_media":1350,"template":"","meta":[],"product_brand":[],"product_cat":[32,31],"product_tag":[],"class_list":{"0":"post-1344","1":"product","2":"type-product","3":"status-publish","4":"has-post-thumbnail","6":"product_cat-personalizables","7":"product_cat-tamano-a6","9":"first","10":"instock","11":"featured","12":"shipping-taxable","13":"purchasable","14":"product-type-simple"},"_links":{"self":[{"href":"https:\/\/cuadernosmagicos.com.ar\/en\/wp-json\/wp\/v2\/product\/1344","targetHints":{"allow":["GET"]}}],"collection":[{"href":"https:\/\/cuadernosmagicos.com.ar\/en\/wp-json\/wp\/v2\/product"}],"about":[{"href":"https:\/\/cuadernosmagicos.com.ar\/en\/wp-json\/wp\/v2\/types\/product"}],"wp:featuredmedia":[{"embeddable":true,"href":"https:\/\/cuadernosmagicos.com.ar\/en\/wp-json\/wp\/v2\/media\/1350"}],"wp:attachment":[{"href":"https:\/\/cuadernosmagicos.com.ar\/en\/wp-json\/wp\/v2\/media?parent=1344"}],"wp:term":[{"taxonomy":"product_brand","embeddable":true,"href":"https:\/\/cuadernosmagicos.com.ar\/en\/wp-json\/wp\/v2\/product_brand?post=1344"},{"taxonomy":"product_cat","embeddable":true,"href":"https:\/\/cuadernosmagicos.com.ar\/en\/wp-json\/wp\/v2\/product_cat?post=1344"},{"taxonomy":"product_tag","embeddable":true,"href":"https:\/\/cuadernosmagicos.com.ar\/en\/wp-json\/wp\/v2\/product_tag?post=1344"}],"curies":[{"name":"wp","href":"https:\/\/api.w.org\/{rel}","templated":true}]}}