{"id":1340,"date":"2025-07-18T12:19:48","date_gmt":"2025-07-18T15:19:48","guid":{"rendered":"https:\/\/cuadernosmagicos.com.ar\/?post_type=product&#038;p=1340"},"modified":"2026-03-31T17:37:31","modified_gmt":"2026-03-31T20:37:31","slug":"pequenos-hechizos","status":"publish","type":"product","link":"https:\/\/cuadernosmagicos.com.ar\/en\/product\/pequenos-hechizos\/","title":{"rendered":"A6 LITTLE SPELLS"},"content":{"rendered":"","protected":false},"excerpt":{"rendered":"<p><strong>*Este cuaderno est\u00e1 listo para despachar 4 d\u00edas h\u00e1biles luego de realizada la compra*<\/strong><\/p>\n<p class=\"tm6\"><strong><span class=\"tm8\">Features:<\/span><\/strong><\/p>\n<ul class=\"tm10\">\n<li class=\"tm11\"><strong><span class=\"tm8\">Size:<\/span><\/strong>A6 (5.9\u00a8X 3.9\u00a8 APPROXIMATELY)<\/li>\n<li class=\"tm12\"><strong><span class=\"tm8\">Number of Sheets<\/span><\/strong>: 160<\/li>\n<li class=\"tm12\"><strong><span class=\"tm8\">Type of paper:<\/span><\/strong> Rayado Bookcel (80g)<\/li>\n<li class=\"tm12\"><strong><span class=\"tm8\">Covering Material:<\/span><\/strong> leatherette<\/li>\n<li class=\"tm12\"><strong><span class=\"tm8\">Main Color:<\/span><\/strong>Chocolate Brown<\/li>\n<li class=\"tm12\"><strong><span class=\"tm8\">Bookmarking tapes<\/span><\/strong>: 1<\/li>\n<li class=\"tm12\"><strong><span class=\"tm8\">Book Corners:<\/span><\/strong> METALIC<\/li>\n<li class=\"tm12\"><strong><span class=\"tm8\">Closures<\/span><\/strong>: No<\/li>\n<\/ul>\n<p><em><span class=\"tm13\">*The colors seen in the image may vary depending on the color settings of your screen*<\/span><\/em><\/p>\n<hr \/>\n<p><strong><span class=\"tm7\">*Este produto estar\u00e1 pronto para envio em no m\u00e1ximo 4 dias \u00fateis ap\u00f3s a compra.<\/span><\/strong><\/p>\n<p class=\"tm6\"><strong><span class=\"tm8\">Features:<\/span><\/strong><\/p>\n<ul class=\"tm10\">\n<li class=\"tm11\"><strong><span class=\"tm8\">Tamanho:<\/span><\/strong> A5 (aproximadamente 15m x 10cm)<\/li>\n<li class=\"tm12\"><strong><span class=\"tm8\">Tamanho da folha:<\/span><\/strong> 160<\/li>\n<li class=\"tm12\"><strong><span class=\"tm8\">Tipo de papel:<\/span><\/strong> listrado, Bookcel , 80 gramas<\/li>\n<li class=\"tm12\"><strong><span class=\"tm8\">Material da capa:<\/span><\/strong> Pele sint\u00e9tica<\/li>\n<li class=\"tm12\"><strong><span class=\"tm8\">Cor predominante:<\/span><\/strong> Marrom Chocolate<\/li>\n<li class=\"tm12\"><strong><span class=\"tm8\">Fitas para marcadores:<\/span><\/strong> 1<\/li>\n<li class=\"tm12\"><strong><span class=\"tm8\">cantos do livro:<\/span><\/strong> Metal<\/li>\n<li class=\"tm12\"><strong><span class=\"tm8\">Fechos de press\u00e3o:<\/span><\/strong> No<\/li>\n<\/ul>\n<p><em><span class=\"tm13\">*Os tamanhos e as cores podem variar ligeiramente em rela\u00e7\u00e3o \u00e0 imagem*<\/span><\/em><\/p>","protected":false},"featured_media":1362,"template":"","meta":[],"product_brand":[],"product_cat":[31],"product_tag":[],"class_list":{"0":"post-1340","1":"product","2":"type-product","3":"status-publish","4":"has-post-thumbnail","6":"product_cat-tamano-a6","8":"first","9":"instock","10":"shipping-taxable","11":"purchasable","12":"product-type-variable"},"_links":{"self":[{"href":"https:\/\/cuadernosmagicos.com.ar\/en\/wp-json\/wp\/v2\/product\/1340","targetHints":{"allow":["GET"]}}],"collection":[{"href":"https:\/\/cuadernosmagicos.com.ar\/en\/wp-json\/wp\/v2\/product"}],"about":[{"href":"https:\/\/cuadernosmagicos.com.ar\/en\/wp-json\/wp\/v2\/types\/product"}],"wp:featuredmedia":[{"embeddable":true,"href":"https:\/\/cuadernosmagicos.com.ar\/en\/wp-json\/wp\/v2\/media\/1362"}],"wp:attachment":[{"href":"https:\/\/cuadernosmagicos.com.ar\/en\/wp-json\/wp\/v2\/media?parent=1340"}],"wp:term":[{"taxonomy":"product_brand","embeddable":true,"href":"https:\/\/cuadernosmagicos.com.ar\/en\/wp-json\/wp\/v2\/product_brand?post=1340"},{"taxonomy":"product_cat","embeddable":true,"href":"https:\/\/cuadernosmagicos.com.ar\/en\/wp-json\/wp\/v2\/product_cat?post=1340"},{"taxonomy":"product_tag","embeddable":true,"href":"https:\/\/cuadernosmagicos.com.ar\/en\/wp-json\/wp\/v2\/product_tag?post=1340"}],"curies":[{"name":"wp","href":"https:\/\/api.w.org\/{rel}","templated":true}]}}