{"id":1336,"date":"2025-07-18T11:57:09","date_gmt":"2025-07-18T14:57:09","guid":{"rendered":"https:\/\/cuadernosmagicos.com.ar\/?post_type=product&#038;p=1336"},"modified":"2026-03-31T17:39:15","modified_gmt":"2026-03-31T20:39:15","slug":"pacto-de-luna","status":"publish","type":"product","link":"https:\/\/cuadernosmagicos.com.ar\/en\/product\/pacto-de-luna\/","title":{"rendered":"A6 MOON PACT"},"content":{"rendered":"","protected":false},"excerpt":{"rendered":"<p class=\"tm6\"><strong><span class=\"tm9\">Features:<\/span><\/strong><\/p>\n<ul class=\"tm11\">\n<li class=\"tm12\"><strong><span class=\"tm9\">Size:<\/span><\/strong>A6 (5.9\u00a8X 3.9\u00a8 APPROXIMATELY)<\/li>\n<li class=\"tm13\"><strong><span class=\"tm9\">Number of Sheets<\/span><\/strong>: 160<\/li>\n<li class=\"tm13\"><strong><span class=\"tm9\">Type of paper:<\/span><\/strong> Bookcel(2.82oz)<\/li>\n<li class=\"tm13\"><strong><span class=\"tm9\">Covering Material:<\/span><\/strong> leatherette<\/li>\n<li class=\"tm13\"><strong><span class=\"tm9\">Main Color:<\/span><\/strong>PURPLE<\/li>\n<li class=\"tm13\"><strong><span class=\"tm9\">Bookmarking tapes<\/span><\/strong>: 1<\/li>\n<li class=\"tm13\"><strong><span class=\"tm9\">Book Corners: No<\/span><\/strong><\/li>\n<li class=\"tm13\"><strong><span class=\"tm9\">Closures<\/span><\/strong>: No<\/li>\n<\/ul>\n<p><em><span class=\"tm14\">*The colors seen in the image may vary depending on the color settings of your screen*<\/span><\/em><\/p>\n<hr \/>\n<p class=\"tm6\"><strong><span class=\"tm9\">Features:<\/span><\/strong><\/p>\n<ul class=\"tm11\">\n<li class=\"tm12\"><strong><span class=\"tm9\">Tamanho:<\/span><\/strong> A5 (aproximadamente 15m x 10cm)<\/li>\n<li class=\"tm13\"><strong><span class=\"tm9\">Tamanho da folha:<\/span><\/strong> 160 folhas<\/li>\n<li class=\"tm13\"><strong><span class=\"tm9\">Tipo de papel:<\/span><\/strong> Bookcel, 80 gramas<\/li>\n<li class=\"tm13\"><strong><span class=\"tm9\">Material da capa:<\/span><\/strong> Pele sint\u00e9tica<\/li>\n<li class=\"tm13\"><strong><span class=\"tm9\">Cor predominante:<\/span><\/strong> Violeta<\/li>\n<li class=\"tm13\"><strong><span class=\"tm9\">Fitas para marcadores:<\/span><\/strong> 1<\/li>\n<li class=\"tm13\"><strong><span class=\"tm9\">cantos do livro:<\/span><\/strong> No<\/li>\n<li class=\"tm13\"><strong><span class=\"tm9\">Fechos de press\u00e3o:<\/span><\/strong> No<\/li>\n<\/ul>\n<p><em><span class=\"tm14\">*Os tamanhos e as cores podem variar ligeiramente em rela\u00e7\u00e3o \u00e0 imagem*<\/span><\/em><\/p>","protected":false},"featured_media":1396,"template":"","meta":[],"product_brand":[],"product_cat":[31],"product_tag":[],"class_list":{"0":"post-1336","1":"product","2":"type-product","3":"status-publish","4":"has-post-thumbnail","6":"product_cat-tamano-a6","8":"first","9":"instock","10":"shipping-taxable","11":"purchasable","12":"product-type-variable"},"_links":{"self":[{"href":"https:\/\/cuadernosmagicos.com.ar\/en\/wp-json\/wp\/v2\/product\/1336","targetHints":{"allow":["GET"]}}],"collection":[{"href":"https:\/\/cuadernosmagicos.com.ar\/en\/wp-json\/wp\/v2\/product"}],"about":[{"href":"https:\/\/cuadernosmagicos.com.ar\/en\/wp-json\/wp\/v2\/types\/product"}],"wp:featuredmedia":[{"embeddable":true,"href":"https:\/\/cuadernosmagicos.com.ar\/en\/wp-json\/wp\/v2\/media\/1396"}],"wp:attachment":[{"href":"https:\/\/cuadernosmagicos.com.ar\/en\/wp-json\/wp\/v2\/media?parent=1336"}],"wp:term":[{"taxonomy":"product_brand","embeddable":true,"href":"https:\/\/cuadernosmagicos.com.ar\/en\/wp-json\/wp\/v2\/product_brand?post=1336"},{"taxonomy":"product_cat","embeddable":true,"href":"https:\/\/cuadernosmagicos.com.ar\/en\/wp-json\/wp\/v2\/product_cat?post=1336"},{"taxonomy":"product_tag","embeddable":true,"href":"https:\/\/cuadernosmagicos.com.ar\/en\/wp-json\/wp\/v2\/product_tag?post=1336"}],"curies":[{"name":"wp","href":"https:\/\/api.w.org\/{rel}","templated":true}]}}