{"id":1102,"date":"2025-06-28T11:48:33","date_gmt":"2025-06-28T14:48:33","guid":{"rendered":"https:\/\/cuadernosmagicos.com.ar\/?post_type=product&#038;p=1102"},"modified":"2026-04-14T23:12:43","modified_gmt":"2026-04-15T02:12:43","slug":"corazon-anatomico","status":"publish","type":"product","link":"https:\/\/cuadernosmagicos.com.ar\/en\/product\/corazon-anatomico\/","title":{"rendered":"ANATOMIC HEART"},"content":{"rendered":"","protected":false},"excerpt":{"rendered":"<p><strong>Features:<\/strong><\/p>\n<ul>\n<li><strong>Size:<\/strong>A5 (6\" x 8,5\")<\/li>\n<li><strong>Number of Sheets<\/strong>: 160<\/li>\n<li><strong>Type of paper:<\/strong> Rayado Bookcel (80g)<\/li>\n<li><strong>Covering Material:<\/strong> leatherette<\/li>\n<li><strong>Main Color:<\/strong>Red<\/li>\n<li><strong>Bookmarking tapes<\/strong>: 3<\/li>\n<li><strong>Book Corners:<\/strong> Metalic<\/li>\n<li><strong>Closures<\/strong>: NO<\/li>\n<\/ul>\n<p><em>*The colors seen in the image may vary depending on the color settings of your screen*<\/em><\/p>\n<hr \/>\n<p><strong>caracter\u00edsticas:<\/strong><\/p>\n<ul>\n<li><strong>Tamanho:<\/strong> A5 (aproximadamente 21 cm x 15 cm)<\/li>\n<li><strong>Tamanho da folha:<\/strong> 160<\/li>\n<li><strong>Tipo de papel:<\/strong> listrado , Bookcel,\u00a0 80 gramas<\/li>\n<li><strong>Material da capa:<\/strong> Pele sint\u00e9tica<\/li>\n<li><strong>Cor predominante:<\/strong> Vermelho<\/li>\n<li><strong>Fitas para marcadores:<\/strong> 3<\/li>\n<li><strong>cantos do livro:<\/strong> Metal<\/li>\n<li><strong>Fechos de press\u00e3o:<\/strong> NO<\/li>\n<\/ul>\n<p><em>*Os tamanhos e as cores podem variar ligeiramente em rela\u00e7\u00e3o \u00e0 imagem*<\/em><\/p>","protected":false},"featured_media":1104,"template":"","meta":[],"product_brand":[],"product_cat":[37],"product_tag":[],"class_list":{"0":"post-1102","1":"product","2":"type-product","3":"status-publish","4":"has-post-thumbnail","6":"product_cat-tamano-a5","8":"first","9":"instock","10":"featured","11":"shipping-taxable","12":"purchasable","13":"product-type-variable"},"_links":{"self":[{"href":"https:\/\/cuadernosmagicos.com.ar\/en\/wp-json\/wp\/v2\/product\/1102","targetHints":{"allow":["GET"]}}],"collection":[{"href":"https:\/\/cuadernosmagicos.com.ar\/en\/wp-json\/wp\/v2\/product"}],"about":[{"href":"https:\/\/cuadernosmagicos.com.ar\/en\/wp-json\/wp\/v2\/types\/product"}],"wp:featuredmedia":[{"embeddable":true,"href":"https:\/\/cuadernosmagicos.com.ar\/en\/wp-json\/wp\/v2\/media\/1104"}],"wp:attachment":[{"href":"https:\/\/cuadernosmagicos.com.ar\/en\/wp-json\/wp\/v2\/media?parent=1102"}],"wp:term":[{"taxonomy":"product_brand","embeddable":true,"href":"https:\/\/cuadernosmagicos.com.ar\/en\/wp-json\/wp\/v2\/product_brand?post=1102"},{"taxonomy":"product_cat","embeddable":true,"href":"https:\/\/cuadernosmagicos.com.ar\/en\/wp-json\/wp\/v2\/product_cat?post=1102"},{"taxonomy":"product_tag","embeddable":true,"href":"https:\/\/cuadernosmagicos.com.ar\/en\/wp-json\/wp\/v2\/product_tag?post=1102"}],"curies":[{"name":"wp","href":"https:\/\/api.w.org\/{rel}","templated":true}]}}