{"id":692,"date":"2025-06-24T00:54:40","date_gmt":"2025-06-24T03:54:40","guid":{"rendered":"https:\/\/cuadernosmagicos.com.ar\/?page_id=692"},"modified":"2025-06-27T22:12:32","modified_gmt":"2025-06-28T01:12:32","slug":"terminos-y-condiciones","status":"publish","type":"page","link":"https:\/\/cuadernosmagicos.com.ar\/en\/terminos-y-condiciones\/","title":{"rendered":"Terms and Conditions"},"content":{"rendered":"<p>Terms and Conditions of Cuadernos M\u00e1gicos<\/p>\n\n\n\n<ol class=\"wp-block-list\">\n<li>GENERAL INFORMATION<\/li>\n<\/ol>\n\n\n\n<p>This website is operated by Cuadernos M\u00e1gicos. Throughout the site, the terms \"we,\" \"us,\" and \"our\" refer to Magic Notebooks.<br>Web Site: cuadernosmagicos.com.ar<br>Contact email: cuadernosmagicoscontacto@gmail.com<br>Address: Godoy Cruz 631, Boulogne Sur Mer, San Isidro, Buenos Aires, Argentina<\/p>\n\n\n\n<ol start=\"2\" class=\"wp-block-list\">\n<li>PRODUCTS AND SERVICES<\/li>\n<\/ol>\n\n\n\n<p>We strive to display the colors and images of our products that appear at the store as accurately as possible. We cannot guarantee that your monitor's display of any color will be accurate.<\/p>\n\n\n\n<ol start=\"3\" class=\"wp-block-list\">\n<li>PRICES AND PAYMENTS<\/li>\n<\/ol>\n\n\n\n<p>All prices are subject to change without notice. Prices shown include VAT where applicable.<\/p>\n\n\n\n<ol start=\"4\" class=\"wp-block-list\">\n<li>SHIPPING<\/li>\n<\/ol>\n\n\n\n<p>The estimated shipping time is 3-5 business days. Delivery times are estimates, and we cannot guarantee delivery on specific dates.<\/p>\n\n\n\n<ol start=\"5\" class=\"wp-block-list\">\n<li>RETURN POLICY<\/li>\n<\/ol>\n\n\n\n<p>We accept returns within 14 days of receiving the product.<\/p>\n\n\n\n<p>5.1 RETURN PROCEDURE<\/p>\n\n\n\n<ol class=\"wp-block-list\">\n<li>Refund (only applies to warranty and right of withdrawal cases):<\/li>\n<\/ol>\n\n\n\n<ul class=\"wp-block-list\">\n<li>By bank transfer (savings account, checking account, or cash savings): This is done approximately five business days after receiving the product back in our warehouse.<\/li>\n\n\n\n<li>Through payment reversal: fifteen business days after receiving the product at our warehouse. This reversal is at the expense of your bank. If you have any questions, please contact them directly.<\/li>\n\n\n\n<li>Product Exchange (Subject to inventory availability at the time of exchange). Exchanges can only be made for products with equal or lower value than the original, and the difference, if applicable, will be issued in the form of a coupon for a new purchase in the online store. If an exchange is not available, the value of the product(s) will be issued in the form of a coupon for a new purchase.<\/li>\n\n\n\n<li>Coupon for a new purchase (This coupon is valid for six months from the date of creation).<\/li>\n<\/ul>\n\n\n\n<ol class=\"wp-block-list\">\n<li>Product Exchange (Subject to inventory availability at the time of exchange). Exchanges can only be made for products with equal or lower value than the original, and the difference, if applicable, will be issued in the form of a coupon for a new purchase in the online store. If an exchange is not available, the value of the product(s) will be issued in the form of a coupon for a new purchase.<\/li>\n\n\n\n<li>Coupon for a new purchase (This coupon is valid for six months from the date of creation).<\/li>\n<\/ol>\n\n\n\n<p>5.2 PRODUCT CONDITIONS FOR RETURN<\/p>\n\n\n\n<p>The product must be returned in optimal condition, with no signs of use, with the original tags attached, or if they have already been removed, you must place them back in the packaging. Once we receive the product at our warehouse, we will verify its condition and, based on the results, we will send you a new product or give you a coupon for a new purchase.<\/p>\n\n\n\n<ol start=\"6\" class=\"wp-block-list\">\n<li>PRIVACY AND DATA PROTECTION<\/li>\n<\/ol>\n\n\n\n<p>We are committed to protecting your privacy. The personal information you provide will be used only to process your order and enhance your shopping experience.<\/p>\n\n\n\n<ol start=\"7\" class=\"wp-block-list\">\n<li>MODIFICATIONS TO THE TERMS<\/li>\n<\/ol>\n\n\n\n<p>We reserve the right to modify these terms at any time. Changes will take effect immediately upon posting on the website.<\/p>\n\n\n\n<p>Last update: 24\/6\/2025<\/p>","protected":false},"excerpt":{"rendered":"<p>T\u00e9rminos y Condiciones de Cuadernos m\u00e1gicos Este sitio web es operado por Cuadernos m\u00e1gicos. En todo el sitio, los t\u00e9rminos \u00abnosotros\u00bb, \u00abnos\u00bb y \u00abnuestro\u00bb se refieren a Cuadernos m\u00e1gicos.Sitio web: cuadernosmagicos.com.arEmail de contacto: cuadernosmagicoscontacto@gmail.comDirecci\u00f3n: Godoy Cruz 631, Boulogne Sur Mer, San Isidro, Buenos Aires, Argentina Nos esforzamos por mostrar con la mayor precisi\u00f3n los colores [&hellip;]<\/p>\n","protected":false},"author":1,"featured_media":0,"parent":0,"menu_order":0,"comment_status":"closed","ping_status":"closed","template":"","meta":{"footnotes":""},"class_list":["post-692","page","type-page","status-publish","hentry"],"blocksy_meta":[],"_links":{"self":[{"href":"https:\/\/cuadernosmagicos.com.ar\/en\/wp-json\/wp\/v2\/pages\/692","targetHints":{"allow":["GET"]}}],"collection":[{"href":"https:\/\/cuadernosmagicos.com.ar\/en\/wp-json\/wp\/v2\/pages"}],"about":[{"href":"https:\/\/cuadernosmagicos.com.ar\/en\/wp-json\/wp\/v2\/types\/page"}],"author":[{"embeddable":true,"href":"https:\/\/cuadernosmagicos.com.ar\/en\/wp-json\/wp\/v2\/users\/1"}],"replies":[{"embeddable":true,"href":"https:\/\/cuadernosmagicos.com.ar\/en\/wp-json\/wp\/v2\/comments?post=692"}],"version-history":[{"count":2,"href":"https:\/\/cuadernosmagicos.com.ar\/en\/wp-json\/wp\/v2\/pages\/692\/revisions"}],"predecessor-version":[{"id":967,"href":"https:\/\/cuadernosmagicos.com.ar\/en\/wp-json\/wp\/v2\/pages\/692\/revisions\/967"}],"wp:attachment":[{"href":"https:\/\/cuadernosmagicos.com.ar\/en\/wp-json\/wp\/v2\/media?parent=692"}],"curies":[{"name":"wp","href":"https:\/\/api.w.org\/{rel}","templated":true}]}}